{"id":203,"date":"2025-02-03T12:11:33","date_gmt":"2025-02-03T12:11:33","guid":{"rendered":"https:\/\/micumaku.com\/?page_id=203"},"modified":"2026-01-29T15:06:15","modified_gmt":"2026-01-29T14:06:15","slug":"take-away-aribau","status":"publish","type":"page","link":"https:\/\/micumaku.com\/tr\/take-away-aribau\/","title":{"rendered":"Take Away Aribau"},"content":{"rendered":"<div class=\"nb-supernova nb-supernova--content-type-custom nb-supernova--card-layout-stacked nb-supernova--layout-classic nb-supernova--1-columns nb-supernova--valign-center nb-supernova--halign-center nb-supernova--align-full alignfull sm-palette-1 sm-variation-1 nb-grid__area--portrait nb-grid__area--width-full\" style=\"--nb-media-composition-gap: 20px;--nb-emphasis-area: 100;--nb-overlay-filter-strength: 0.3;--nb-block-top-spacing: 0;--nb-block-bottom-spacing: 0;--nb-emphasis-top-spacing: 0;--nb-emphasis-bottom-spacing: 0;--nb-card-layout-gap-modifier: 0;--nb-card-content-padding-multiplier: 1;--nb-card-media-padding-multiplier: 0;--nb-card-media-container-height: 50;--nb-card-media-padding-top: 100%;--nb-card-media-aspect-ratio: 1;--nb-card-media-object-fit: cover;--nb-minimum-container-height: 66vh;--nb-card-content-area-width: 50%;--nb-spacing-modifier: 1;--nb-spacing-multiplier-override: 1;--nb-collection-columns-count: 1;--nb-grid-spacing-modifier: 50\"\n\t\t\t data-variation='novablocks-card-hero' data-content-type='custom' data-card-layout='stacked' data-posts-to-show='1' data-columns='1' data-overlay-filter-strength='30' data-content-padding='100' data-block-top-spacing='0' data-min-height-fallback='66' data-content-color-signal='3' data-content-palette-variation='12' data-scrolling-effect='parallax' data-final-focal-point='{&quot;x&quot;:0.5,&quot;y&quot;:0.72}' data-final-background-scale='1.5' data-motion-preset='custom' data-anchor='' data-preview='1' data-header-position='0' data-title='Cards Collection' data-subtitle='A collection of individual cards displayed in a cohesive layout' data-collection-title-level='2' data-palette='1' data-palette-variation='1' data-color-signal='0' data-emphasis-area='100' data-images='[]' data-style-preset='the-cloud-atlas' data-size-contrast='0' data-position-shift='0' data-elements-distance='20' data-placement-variation='25' data-image-rotation='0' data-image-resizing='cropped' data-container-height='50' data-object-position='50' data-focal-point='{&quot;x&quot;:0.5,&quot;y&quot;:0.5}' data-initial-background-scale='1' data-follow-through-start='1' data-follow-through-end='1' data-blob-sides='3' data-blob-pattern-seed='3' data-blob-complexity='0' data-blob-smoothness='33' data-blob-rotation='0' data-blob-mask-sides='3' data-blob-mask-pattern-seed='3' data-blob-mask-complexity='0' data-blob-mask-smoothness='33' data-blob-mask-rotation='0' data-blobs-size-balance='50' data-blobs-horizontal-displacement='50' data-blobs-vertical-displacement='50' data-level='2' data-card-title-level='3' data-card-title-font-size='normal' data-collection-title-font-size='normal' data-metadata-position='above-title' data-primary-metadata='category' data-secondary-metadata='date' data-buttons-style='text' data-layout-style='classic' data-grid-gap='50' data-gridcolumns='6' data-gridrows='6' data-featuresize='4' data-featureposition='1' data-fragmentation='1' data-hierarchycrossing='30' data-imageweightleft='1' data-imageweightright='2' data-metadetailsleft='10' data-metadetailsright='6' data-subfeature='1' data-header-column='0' data-carousel-layout='fixed' data-pile-parallax-amount='0' data-pile3d-target='item' data-pile3d-target-rule='odd' data-content-position='center center' data-show-media='1' data-show-title='1' data-show-subtitle='1' data-show-description='1' data-show-buttons='1' data-display-inner-content='1' data-show-arrows='1' data-overlay-filter-type='unitone' data-overlay-filter-duotone-config='[]' data-media-container-height='50' data-thumbnail-aspect-ratio-string='landscape' data-thumbnail-aspect-ratio='50' data-image-padding='0' data-emphasis-by-space='1' data-block-bottom-spacing='0' data-emphasis-top-spacing='0' data-emphasis-bottom-spacing='0' data-balance-emphasis='50' data-balance-focal-point='content' data-content-area-width='50' data-layout-gutter='0' data-spacing-modifier='1' data-spacing-multiplier-override='1'>\n\t\t\t<div class=\"nb-collection alignfull nb-block-spacing-container\"><div class=\"nb-collection__body\">\n\t\t\t\t<div class=\"nb-collection__layout nb-collection__layout--classic nb-collection__layout--fixed-width\">\n\t\t\t\t\t\n\n\t<div class=\"nb-collection__layout-item\" >\n\t\t<div class=\"nb-supernova-item nb-supernova-item--layout-stacked nb-supernova-item--scrolling-effect-parallax nb-supernova-item--aspect-ratio-landscape sm-palette-1 sm-variation-12\" data-palette='1' data-palette-variation='12' data-color-signal='3' data-content-palette-variation='2' data-content-color-signal='3'>\n\t\t\t<div class=\"nb-supernova-item__media-wrapper\"><div class=\"nb-supernova-item__media-aspect-ratio\"><div class=\"novablocks-doppler__mask novablocks-doppler__wrapper\">\n\t\t\t\t\t<div class=\"nb-supernova-item__media-doppler\"> <img fetchpriority=\"high\" decoding=\"async\" width=\"1366\" height=\"911\" src=\"https:\/\/micumaku.com\/wp-content\/uploads\/2025\/02\/pasta-napolitana-1366x911.jpg\" class=\"nb-supernova-item__media novablocks-doppler__target\" alt=\"\" data-shape-modeling-target=\"\" sizes=\"(max-width: 1843px) 100vw, 1843px\" srcset=\"https:\/\/micumaku.com\/wp-content\/uploads\/2025\/02\/pasta-napolitana-1366x911.jpg 1229w, https:\/\/micumaku.com\/wp-content\/uploads\/2025\/02\/pasta-napolitana-300x200.jpg 270w, https:\/\/micumaku.com\/wp-content\/uploads\/2025\/02\/pasta-napolitana-1024x683.jpg 922w, https:\/\/micumaku.com\/wp-content\/uploads\/2025\/02\/pasta-napolitana-768x512.jpg 691w, https:\/\/micumaku.com\/wp-content\/uploads\/2025\/02\/pasta-napolitana-1536x1025.jpg 1382w, https:\/\/micumaku.com\/wp-content\/uploads\/2025\/02\/pasta-napolitana-2048x1366.jpg 1843w, https:\/\/micumaku.com\/wp-content\/uploads\/2025\/02\/pasta-napolitana-250x167.jpg 225w, https:\/\/micumaku.com\/wp-content\/uploads\/2025\/02\/pasta-napolitana-480x320.jpg 432w\" \/>\n<\/div>\n\t\t\t\t<\/div>\n\t\t\t<\/div><\/div>\t\t\t\t<div class=\"nb-supernova-item__content nb-supernova-item__content--valign-center nb-supernova-item__content--halign-center\">\n\t\t\t\t\t<div class=\"nb-supernova-item__inner-container\">\n\t\t\t\t\t\t\n\n<h1 class=\"c-headline has-text-align-center alignnone has-larger-font-size\"><span class=\"c-headline__secondary\">Uzakla\u015f\u0131n<\/span> <span class=\"c-headline__primary\">Aribau<\/span><\/h1>\n\n\t\t\t\t\t<\/div>\n\t\t\t\t<\/div>\n\t\t\t\t\t<\/div>\n\t<\/div>\n\n\t\n\n\t\t\t\t<\/div>\n\t\t\t<\/div><\/div>\n\t\t<\/div>\n\n\n<iframe src=\"https:\/\/smartmenu.agorapos.com\/?id=9ugxui7f&#038;workplaceId=van6h2je\" width=\"600\" height=\"1000\" style=\"margin-bottom: 20px;\"><\/iframe>\n\n\n<div class=\"nb-sidecar nb-sidecar--sidebar-left nb-sidecar--sidebar-large nb-content-layout-grid alignfull\"  data-sidebar-width='large' data-sidebar-position='left' data-block-bottom-spacing='1' data-spacing-modifier='0.5' data-spacing-multiplier-override='2' data-tag-name='div' data-anchor='' data-content-font-size='normal' data-sidebar-font-size='normal' data-palette='1' data-palette-variation='1' data-color-signal='0' data-content-color-signal='0' data-content-palette-variation='1' data-emphasis-area='100' data-media-container-height='50' data-thumbnail-aspect-ratio-string='landscape' data-thumbnail-aspect-ratio='50' data-image-resizing='cropped' data-image-padding='0' data-content-padding='0' data-emphasis-by-space='1' data-block-top-spacing='1' data-emphasis-top-spacing='0' data-emphasis-bottom-spacing='0' data-min-height-fallback='0' data-balance-emphasis='50' data-balance-focal-point='content' data-content-area-width='50' data-layout-gutter='0' data-template-lock='' style=\"--nb-block-top-spacing: 1; --nb-block-bottom-spacing: 1; --nb-emphasis-top-spacing: 0; --nb-emphasis-bottom-spacing: 0; --nb-card-layout-gap-modifier: 0; --nb-card-content-padding-multiplier: 0; --nb-card-media-padding-multiplier: 0; --nb-card-media-container-height: 50; --nb-card-media-padding-top: 100%; --nb-card-media-aspect-ratio: 1; --nb-card-media-object-fit: cover; --nb-minimum-container-height: 0vh; --nb-card-content-area-width: 50%; --nb-spacing-modifier: 0.5; --nb-spacing-multiplier-override: 2; --nb-sidecar-content-font-size-base: var(--nb-font-size-normal); --nb-sidecar-sidebar-font-size-base: var(--nb-font-size-normal)\">\n<div class=\"nb-sidecar-area nb-sidecar-area--content nb-content-layout-grid\">\n\n<p class=\"is-style-lead has-normal-font-size\">Yeni paket servisimizi ke\u015ffedin ve Micu Maku'nun imza yemeklerinin tad\u0131n\u0131 istedi\u011finiz yerde \u00e7\u0131kar\u0131n. Me\u015fhur paellalar\u0131m\u0131zdan yarat\u0131c\u0131 tapaslara kadar, restoranlar\u0131m\u0131zdakiyle ayn\u0131 kalite ve lezzetleri deneyimlemenizi sa\u011flamak i\u00e7in her yeme\u011fi \u00f6zenle haz\u0131rl\u0131yor ve paketliyoruz. Evde \u00f6zel bir ak\u015fam yeme\u011fi, bir i\u015f yeme\u011fi veya ola\u011fan\u00fcst\u00fc yemek gerektiren herhangi bir durum i\u00e7in en sevdi\u011finiz Akdeniz yemeklerini sipari\u015f edin. Men\u00fcm\u00fcz, lezzetini ve sunumunu koruyarak iyi seyahat eden \u00f6zenli bir yemek se\u00e7kisine sahiptir.<\/p>\n\n\n\n<p class=\"is-style-lead has-normal-font-size\"><strong>Her iki lokasyondan da her g\u00fcn temin edilebilir:<\/strong><\/p>\n\n\n\n<ul class=\"wp-block-list nb-list list-bullet-style is-style-no-connection sm-palette-1 sm-color-signal-0\" style=\"--nb-list-start-at:NaN;--nb-list-items-count:1\" data-palette=\"1\" data-palette-variation=\"1\" data-color-signal=\"0\">\n<li>Aribau +34 931 58 41 98<\/li>\n<\/ul>\n\n<\/div>\n\n<div class=\"nb-sidecar-area nb-sidecar-area--sidebar\">\n\n<h4 class=\"wp-block-heading has-normal-font-size\" id=\"h-private-events\">Akdeniz'in Tad\u0131n\u0131 Evinizde \u00c7\u0131kar\u0131n<\/h4>\n\n<\/div>\n<\/div>\n\n\n<p class=\"has-normal-font-size\"><\/p>","protected":false},"excerpt":{"rendered":"","protected":false},"author":1,"featured_media":0,"parent":0,"menu_order":0,"comment_status":"closed","ping_status":"closed","template":"","meta":{"novablocks_hero_scroll_indicator":false,"novablocks_hero_position_indicators":false,"supernova_prevent_duplicate":false,"_project_color":"","_project_color_auto":"","footnotes":""},"class_list":["post-203","page","type-page","status-publish","hentry"],"yoast_head":"<!-- This site is optimized with the Yoast SEO plugin v27.2 - https:\/\/yoast.com\/product\/yoast-seo-wordpress\/ -->\n<title>Take Away Aribau - Micu Maku<\/title>\n<meta name=\"robots\" content=\"index, follow, max-snippet:-1, max-image-preview:large, max-video-preview:-1\" \/>\n<link rel=\"canonical\" href=\"https:\/\/micumaku.com\/tr\/take-away-aribau\/\" \/>\n<meta property=\"og:locale\" content=\"tr_TR\" \/>\n<meta property=\"og:type\" content=\"article\" \/>\n<meta property=\"og:title\" content=\"Take Away Aribau - Micu Maku\" \/>\n<meta property=\"og:url\" content=\"https:\/\/micumaku.com\/tr\/take-away-aribau\/\" \/>\n<meta property=\"og:site_name\" content=\"Micu Maku\" \/>\n<meta property=\"article:publisher\" content=\"https:\/\/facebook.com\/micumaku\" \/>\n<meta property=\"article:modified_time\" content=\"2026-01-29T14:06:15+00:00\" \/>\n<meta name=\"twitter:card\" content=\"summary_large_image\" \/>\n<meta name=\"twitter:label1\" content=\"Tahmini okuma s\u00fcresi\" \/>\n\t<meta name=\"twitter:data1\" content=\"1 dakika\" \/>\n<script type=\"application\/ld+json\" class=\"yoast-schema-graph\">{\"@context\":\"https:\/\/schema.org\",\"@graph\":[{\"@type\":\"WebPage\",\"@id\":\"https:\/\/micumaku.com\/take-away-aribau\/\",\"url\":\"https:\/\/micumaku.com\/take-away-aribau\/\",\"name\":\"Take Away Aribau - Micu Maku\",\"isPartOf\":{\"@id\":\"https:\/\/micumaku.com\/#website\"},\"datePublished\":\"2025-02-03T12:11:33+00:00\",\"dateModified\":\"2026-01-29T14:06:15+00:00\",\"breadcrumb\":{\"@id\":\"https:\/\/micumaku.com\/take-away-aribau\/#breadcrumb\"},\"inLanguage\":\"tr\",\"potentialAction\":[{\"@type\":\"ReadAction\",\"target\":[\"https:\/\/micumaku.com\/take-away-aribau\/\"]}]},{\"@type\":\"BreadcrumbList\",\"@id\":\"https:\/\/micumaku.com\/take-away-aribau\/#breadcrumb\",\"itemListElement\":[{\"@type\":\"ListItem\",\"position\":1,\"name\":\"Home\",\"item\":\"https:\/\/micumaku.com\/\"},{\"@type\":\"ListItem\",\"position\":2,\"name\":\"Take Away Aribau\"}]},{\"@type\":\"WebSite\",\"@id\":\"https:\/\/micumaku.com\/#website\",\"url\":\"https:\/\/micumaku.com\/\",\"name\":\"Micu Maku\",\"description\":\"Mediterranean cuisine and burgers\",\"publisher\":{\"@id\":\"https:\/\/micumaku.com\/#organization\"},\"potentialAction\":[{\"@type\":\"SearchAction\",\"target\":{\"@type\":\"EntryPoint\",\"urlTemplate\":\"https:\/\/micumaku.com\/?s={search_term_string}\"},\"query-input\":{\"@type\":\"PropertyValueSpecification\",\"valueRequired\":true,\"valueName\":\"search_term_string\"}}],\"inLanguage\":\"tr\"},{\"@type\":\"Organization\",\"@id\":\"https:\/\/micumaku.com\/#organization\",\"name\":\"Micu Maku\",\"url\":\"https:\/\/micumaku.com\/\",\"logo\":{\"@type\":\"ImageObject\",\"inLanguage\":\"tr\",\"@id\":\"https:\/\/micumaku.com\/#\/schema\/logo\/image\/\",\"url\":\"https:\/\/micumaku.com\/wp-content\/uploads\/2025\/01\/cropped-LOGO-PLANO-TRANSP.png\",\"contentUrl\":\"https:\/\/micumaku.com\/wp-content\/uploads\/2025\/01\/cropped-LOGO-PLANO-TRANSP.png\",\"width\":1835,\"height\":500,\"caption\":\"Micu Maku\"},\"image\":{\"@id\":\"https:\/\/micumaku.com\/#\/schema\/logo\/image\/\"},\"sameAs\":[\"https:\/\/facebook.com\/micumaku\",\"https:\/\/instagram.com\/micumaku\"]}]}<\/script>\n<!-- \/ Yoast SEO plugin. -->","yoast_head_json":{"title":"Take Away Aribau - Micu Maku","robots":{"index":"index","follow":"follow","max-snippet":"max-snippet:-1","max-image-preview":"max-image-preview:large","max-video-preview":"max-video-preview:-1"},"canonical":"https:\/\/micumaku.com\/tr\/take-away-aribau\/","og_locale":"tr_TR","og_type":"article","og_title":"Take Away Aribau - Micu Maku","og_url":"https:\/\/micumaku.com\/tr\/take-away-aribau\/","og_site_name":"Micu Maku","article_publisher":"https:\/\/facebook.com\/micumaku","article_modified_time":"2026-01-29T14:06:15+00:00","twitter_card":"summary_large_image","twitter_misc":{"Tahmini okuma s\u00fcresi":"1 dakika"},"schema":{"@context":"https:\/\/schema.org","@graph":[{"@type":"WebPage","@id":"https:\/\/micumaku.com\/take-away-aribau\/","url":"https:\/\/micumaku.com\/take-away-aribau\/","name":"Take Away Aribau - Micu Maku","isPartOf":{"@id":"https:\/\/micumaku.com\/#website"},"datePublished":"2025-02-03T12:11:33+00:00","dateModified":"2026-01-29T14:06:15+00:00","breadcrumb":{"@id":"https:\/\/micumaku.com\/take-away-aribau\/#breadcrumb"},"inLanguage":"tr","potentialAction":[{"@type":"ReadAction","target":["https:\/\/micumaku.com\/take-away-aribau\/"]}]},{"@type":"BreadcrumbList","@id":"https:\/\/micumaku.com\/take-away-aribau\/#breadcrumb","itemListElement":[{"@type":"ListItem","position":1,"name":"Home","item":"https:\/\/micumaku.com\/"},{"@type":"ListItem","position":2,"name":"Take Away Aribau"}]},{"@type":"WebSite","@id":"https:\/\/micumaku.com\/#website","url":"https:\/\/micumaku.com\/","name":"Micu Maku","description":"Akdeniz mutfa\u011f\u0131 ve burgerler","publisher":{"@id":"https:\/\/micumaku.com\/#organization"},"potentialAction":[{"@type":"SearchAction","target":{"@type":"EntryPoint","urlTemplate":"https:\/\/micumaku.com\/?s={search_term_string}"},"query-input":{"@type":"PropertyValueSpecification","valueRequired":true,"valueName":"search_term_string"}}],"inLanguage":"tr"},{"@type":"Organization","@id":"https:\/\/micumaku.com\/#organization","name":"Micu Maku","url":"https:\/\/micumaku.com\/","logo":{"@type":"ImageObject","inLanguage":"tr","@id":"https:\/\/micumaku.com\/#\/schema\/logo\/image\/","url":"https:\/\/micumaku.com\/wp-content\/uploads\/2025\/01\/cropped-LOGO-PLANO-TRANSP.png","contentUrl":"https:\/\/micumaku.com\/wp-content\/uploads\/2025\/01\/cropped-LOGO-PLANO-TRANSP.png","width":1835,"height":500,"caption":"Micu Maku"},"image":{"@id":"https:\/\/micumaku.com\/#\/schema\/logo\/image\/"},"sameAs":["https:\/\/facebook.com\/micumaku","https:\/\/instagram.com\/micumaku"]}]}},"_links":{"self":[{"href":"https:\/\/micumaku.com\/tr\/wp-json\/wp\/v2\/pages\/203","targetHints":{"allow":["GET"]}}],"collection":[{"href":"https:\/\/micumaku.com\/tr\/wp-json\/wp\/v2\/pages"}],"about":[{"href":"https:\/\/micumaku.com\/tr\/wp-json\/wp\/v2\/types\/page"}],"author":[{"embeddable":true,"href":"https:\/\/micumaku.com\/tr\/wp-json\/wp\/v2\/users\/1"}],"replies":[{"embeddable":true,"href":"https:\/\/micumaku.com\/tr\/wp-json\/wp\/v2\/comments?post=203"}],"version-history":[{"count":19,"href":"https:\/\/micumaku.com\/tr\/wp-json\/wp\/v2\/pages\/203\/revisions"}],"predecessor-version":[{"id":934,"href":"https:\/\/micumaku.com\/tr\/wp-json\/wp\/v2\/pages\/203\/revisions\/934"}],"wp:attachment":[{"href":"https:\/\/micumaku.com\/tr\/wp-json\/wp\/v2\/media?parent=203"}],"curies":[{"name":"wp","href":"https:\/\/api.w.org\/{rel}","templated":true}]}}