{"id":215,"date":"2025-02-03T12:19:20","date_gmt":"2025-02-03T12:19:20","guid":{"rendered":"https:\/\/micumaku.com\/?page_id=215"},"modified":"2025-02-26T14:57:40","modified_gmt":"2025-02-26T14:57:40","slug":"teslimat-micu-maku","status":"publish","type":"page","link":"https:\/\/micumaku.com\/tr\/delivery-micu-maku\/","title":{"rendered":"Teslimat"},"content":{"rendered":"<div class=\"nb-supernova nb-supernova--content-type-custom nb-supernova--card-layout-stacked nb-supernova--layout-classic nb-supernova--1-columns nb-supernova--valign-center nb-supernova--halign-center nb-supernova--align-full alignfull sm-palette-1 sm-variation-1 nb-grid__area--portrait nb-grid__area--width-full\" style=\"--nb-media-composition-gap: 20px;--nb-emphasis-area: 100;--nb-overlay-filter-strength: 0.3;--nb-block-top-spacing: 0;--nb-block-bottom-spacing: 0;--nb-emphasis-top-spacing: 0;--nb-emphasis-bottom-spacing: 0;--nb-card-layout-gap-modifier: 0;--nb-card-content-padding-multiplier: 1;--nb-card-media-padding-multiplier: 0;--nb-card-media-container-height: 50;--nb-card-media-padding-top: 100%;--nb-card-media-aspect-ratio: 1;--nb-card-media-object-fit: cover;--nb-minimum-container-height: 66vh;--nb-card-content-area-width: 50%;--nb-spacing-modifier: 1;--nb-spacing-multiplier-override: 1;--nb-collection-columns-count: 1;--nb-grid-spacing-modifier: 50\"\n\t\t\t data-variation='novablocks-card-hero' data-content-type='custom' data-card-layout='stacked' data-posts-to-show='1' data-columns='1' data-overlay-filter-strength='30' data-content-padding='100' data-block-top-spacing='0' data-min-height-fallback='66' data-content-color-signal='3' data-content-palette-variation='12' data-focal-point='{&quot;x&quot;:0.3,&quot;y&quot;:0.72}' data-final-focal-point='{&quot;x&quot;:0.3,&quot;y&quot;:0.72}' data-final-background-scale='1.5' data-motion-preset='custom' data-anchor='' data-preview='1' data-header-position='0' data-title='Cards Collection' data-subtitle='A collection of individual cards displayed in a cohesive layout' data-collection-title-level='2' data-palette='1' data-palette-variation='1' data-color-signal='0' data-emphasis-area='100' data-images='[]' data-style-preset='the-cloud-atlas' data-size-contrast='0' data-position-shift='0' data-elements-distance='20' data-placement-variation='25' data-image-rotation='0' data-image-resizing='cropped' data-container-height='50' data-object-position='50' data-scrolling-effect='static' data-initial-background-scale='1' data-follow-through-start='1' data-follow-through-end='1' data-blob-sides='3' data-blob-pattern-seed='3' data-blob-complexity='0' data-blob-smoothness='33' data-blob-rotation='0' data-blob-mask-sides='3' data-blob-mask-pattern-seed='3' data-blob-mask-complexity='0' data-blob-mask-smoothness='33' data-blob-mask-rotation='0' data-blobs-size-balance='50' data-blobs-horizontal-displacement='50' data-blobs-vertical-displacement='50' data-level='2' data-card-title-level='3' data-card-title-font-size='normal' data-collection-title-font-size='normal' data-metadata-position='above-title' data-primary-metadata='category' data-secondary-metadata='date' data-buttons-style='text' data-layout-style='classic' data-grid-gap='50' data-gridcolumns='6' data-gridrows='6' data-featuresize='4' data-featureposition='1' data-fragmentation='1' data-hierarchycrossing='30' data-imageweightleft='1' data-imageweightright='2' data-metadetailsleft='10' data-metadetailsright='6' data-subfeature='1' data-header-column='0' data-carousel-layout='fixed' data-pile-parallax-amount='0' data-pile3d-target='item' data-pile3d-target-rule='odd' data-content-position='center center' data-show-media='1' data-show-title='1' data-show-subtitle='1' data-show-description='1' data-show-buttons='1' data-display-inner-content='1' data-show-arrows='1' data-overlay-filter-type='unitone' data-overlay-filter-duotone-config='[]' data-media-container-height='50' data-thumbnail-aspect-ratio-string='landscape' data-thumbnail-aspect-ratio='50' data-image-padding='0' data-emphasis-by-space='1' data-block-bottom-spacing='0' data-emphasis-top-spacing='0' data-emphasis-bottom-spacing='0' data-balance-emphasis='50' data-balance-focal-point='content' data-content-area-width='50' data-layout-gutter='0' data-spacing-modifier='1' data-spacing-multiplier-override='1'>\n\t\t\t<div class=\"nb-collection alignfull nb-block-spacing-container\"><div class=\"nb-collection__body\">\n\t\t\t\t<div class=\"nb-collection__layout nb-collection__layout--classic nb-collection__layout--fixed-width\">\n\t\t\t\t\t\n\n\t<div class=\"nb-collection__layout-item\" >\n\t\t<div class=\"nb-supernova-item nb-supernova-item--layout-stacked nb-supernova-item--scrolling-effect-static nb-supernova-item--aspect-ratio-landscape sm-palette-1 sm-variation-12\" data-palette='1' data-palette-variation='12' data-color-signal='3' data-content-palette-variation='2' data-content-color-signal='3'>\n\t\t\t<div class=\"nb-supernova-item__media-wrapper\"><div class=\"nb-supernova-item__media-aspect-ratio\"><div class=\"novablocks-doppler__mask novablocks-doppler__wrapper\">\n\t\t\t\t\t<div class=\"nb-supernova-item__media-doppler\"> <img fetchpriority=\"high\" decoding=\"async\" width=\"1366\" height=\"911\" src=\"https:\/\/micumaku.com\/wp-content\/uploads\/2025\/02\/delivery-1366x911.jpg\" class=\"nb-supernova-item__media novablocks-doppler__target\" alt=\"\" data-shape-modeling-target=\"\" sizes=\"(max-width: 2048px) 100vw, 2048px\" srcset=\"https:\/\/micumaku.com\/wp-content\/uploads\/2025\/02\/delivery-1366x911.jpg 1366w, https:\/\/micumaku.com\/wp-content\/uploads\/2025\/02\/delivery-300x200.jpg 300w, https:\/\/micumaku.com\/wp-content\/uploads\/2025\/02\/delivery-1024x683.jpg 1024w, https:\/\/micumaku.com\/wp-content\/uploads\/2025\/02\/delivery-768x512.jpg 768w, https:\/\/micumaku.com\/wp-content\/uploads\/2025\/02\/delivery-1536x1025.jpg 1536w, https:\/\/micumaku.com\/wp-content\/uploads\/2025\/02\/delivery-2048x1366.jpg 2048w, https:\/\/micumaku.com\/wp-content\/uploads\/2025\/02\/delivery-250x167.jpg 250w, https:\/\/micumaku.com\/wp-content\/uploads\/2025\/02\/delivery-480x320.jpg 480w\" \/>\n<\/div>\n\t\t\t\t<\/div>\n\t\t\t<\/div><\/div>\t\t\t\t<div class=\"nb-supernova-item__content nb-supernova-item__content--valign-center nb-supernova-item__content--halign-center\">\n\t\t\t\t\t<div class=\"nb-supernova-item__inner-container\">\n\t\t\t\t\t\t\n\n<h1 class=\"c-headline has-text-align-center alignnone has-larger-font-size\"><span class=\"c-headline__secondary\">Teslimat<\/span> <span class=\"c-headline__primary\">Micu Maku<\/span><\/h1>\n\n\t\t\t\t\t<\/div>\n\t\t\t\t<\/div>\n\t\t\t\t\t<\/div>\n\t<\/div>\n\n\t\n\n\t\t\t\t<\/div>\n\t\t\t<\/div><\/div>\n\t\t<\/div>\n\n\n<div class=\"wp-block-columns is-layout-flex wp-container-core-columns-is-layout-9d6595d7 wp-block-columns-is-layout-flex\" style=\"--nb-emphasis-top-spacing:0;--nb-emphasis-bottom-spacing:0;--nb-block-top-spacing:1;--nb-block-bottom-spacing:0;--nb-block-zindex:0;--nb-card-content-area-width:50%;--nb-card-media-container-height:50px;--nb-card-content-padding-multiplier:0;--nb-card-media-padding-top:100%;--nb-card-media-object-fit:cover;--nb-card-media-padding-multiplier:0;--nb-card-layout-gap-modifier:0;--nb-min-height-fallback:0;--nb-minimum-container-height:0vh;--nb-spacing-modifier:1;--nb-spacing-multiplier-override:1\">\n<div class=\"wp-block-column is-layout-flow wp-block-column-is-layout-flow\">\n<figure class=\"wp-block-image alignright size-full is-resized\"><a href=\"https:\/\/glovoapp.com\/es\/es\/barcelona\/micu-maku-barcelona\/\"><img decoding=\"async\" width=\"600\" height=\"600\" src=\"https:\/\/micumaku.com\/wp-content\/uploads\/2025\/02\/glovo-logo.png\" alt=\"\" class=\"wp-image-350\" style=\"width:215px;height:auto\" srcset=\"https:\/\/micumaku.com\/wp-content\/uploads\/2025\/02\/glovo-logo.png 600w, https:\/\/micumaku.com\/wp-content\/uploads\/2025\/02\/glovo-logo-300x300.png 300w, https:\/\/micumaku.com\/wp-content\/uploads\/2025\/02\/glovo-logo-150x150.png 150w, https:\/\/micumaku.com\/wp-content\/uploads\/2025\/02\/glovo-logo-250x250.png 250w, https:\/\/micumaku.com\/wp-content\/uploads\/2025\/02\/glovo-logo-480x480.png 480w\" sizes=\"(max-width: 600px) 100vw, 600px\" \/><\/a><\/figure>\n<\/div>\n\n\n\n<div class=\"wp-block-column is-layout-flow wp-block-column-is-layout-flow\">\n<figure class=\"wp-block-image aligncenter size-full\"><a href=\"https:\/\/www.just-eat.es\/restaurants-micu-maku-barcelona-08013-1\/menu\"><img decoding=\"async\" width=\"225\" height=\"225\" src=\"https:\/\/micumaku.com\/wp-content\/uploads\/2025\/02\/images.png\" alt=\"\" class=\"wp-image-349\" srcset=\"https:\/\/micumaku.com\/wp-content\/uploads\/2025\/02\/images.png 225w, https:\/\/micumaku.com\/wp-content\/uploads\/2025\/02\/images-150x150.png 150w\" sizes=\"(max-width: 225px) 100vw, 225px\" \/><\/a><\/figure>\n<\/div>\n\n\n\n<div class=\"wp-block-column is-layout-flow wp-block-column-is-layout-flow\">\n<figure class=\"wp-block-image size-full\"><a href=\"https:\/\/www.ubereats.com\/es\/store\/micu-maku\/5Ejjrf8LTAyGEXm_MG9gQw?srsltid=AfmBOoobLb-Hxu6QEaZn6olBXPb1IsMyQv9e-IWF9xvPWvODjwZZQ_oF\"><img loading=\"lazy\" decoding=\"async\" width=\"204\" height=\"192\" src=\"https:\/\/micumaku.com\/wp-content\/uploads\/2025\/02\/descarga-2.png\" alt=\"\" class=\"wp-image-347\"\/><\/a><\/figure>\n<\/div>\n<\/div>\n\n\n<div class=\"nb-sidecar nb-sidecar--sidebar-left nb-sidecar--sidebar-large nb-content-layout-grid alignfull\"  data-sidebar-width='large' data-sidebar-position='left' data-block-bottom-spacing='1' data-spacing-modifier='0.5' data-spacing-multiplier-override='2' data-tag-name='div' data-anchor='' data-content-font-size='normal' data-sidebar-font-size='normal' data-palette='1' data-palette-variation='1' data-color-signal='0' data-content-color-signal='0' data-content-palette-variation='1' data-emphasis-area='100' data-media-container-height='50' data-thumbnail-aspect-ratio-string='landscape' data-thumbnail-aspect-ratio='50' data-image-resizing='cropped' data-image-padding='0' data-content-padding='0' data-emphasis-by-space='1' data-block-top-spacing='1' data-emphasis-top-spacing='0' data-emphasis-bottom-spacing='0' data-min-height-fallback='0' data-balance-emphasis='50' data-balance-focal-point='content' data-content-area-width='50' data-layout-gutter='0' data-template-lock='' style=\"--nb-block-top-spacing: 1; --nb-block-bottom-spacing: 1; --nb-emphasis-top-spacing: 0; --nb-emphasis-bottom-spacing: 0; --nb-card-layout-gap-modifier: 0; --nb-card-content-padding-multiplier: 0; --nb-card-media-padding-multiplier: 0; --nb-card-media-container-height: 50; --nb-card-media-padding-top: 100%; --nb-card-media-aspect-ratio: 1; --nb-card-media-object-fit: cover; --nb-minimum-container-height: 0vh; --nb-card-content-area-width: 50%; --nb-spacing-modifier: 0.5; --nb-spacing-multiplier-override: 2; --nb-sidecar-content-font-size-base: var(--nb-font-size-normal); --nb-sidecar-sidebar-font-size-base: var(--nb-font-size-normal)\">\n<div class=\"nb-sidecar-area nb-sidecar-area--content nb-content-layout-grid\">\n\n<p class=\"is-style-lead has-normal-font-size\">Micu Maku'nun do\u011frudan kap\u0131n\u0131za teslim edilen Akdeniz lezzetlerinin tad\u0131n\u0131 \u00e7\u0131kar\u0131n. \u0130ster \u00f6zel paellalar\u0131m\u0131z\u0131, ister taze tapaslar\u0131m\u0131z\u0131 veya zanaatkar burgerlerimizi arzulay\u0131n, Glovo, Just Eat veya Uber Eats arac\u0131l\u0131\u011f\u0131yla kolayca sipari\u015f verebilir ve Akdeniz'in lezzetini evinizde deneyimleyebilirsiniz.<\/p>\n\n\n\n<p class=\"has-normal-font-size\"><em>Hem Aribau hem de Sagrada Familia lokasyonlar\u0131m\u0131zdan temin edilebilir<\/em><\/p>\n\n<\/div>\n\n<div class=\"nb-sidecar-area nb-sidecar-area--sidebar\">\n\n<h4 class=\"wp-block-heading has-normal-font-size\" id=\"h-private-events\">Micu Maku Teslimat<\/h4>\n\n<\/div>\n<\/div>\n\n\n<div class=\"wp-block-group alignwide sm-palette-2 sm-variation-10 sm-color-signal-3 is-layout-flow wp-block-group-is-layout-flow\" style=\"--nb-emphasis-top-spacing:1;--nb-emphasis-bottom-spacing:1;--nb-block-top-spacing:1;--nb-block-bottom-spacing:1;--nb-block-zindex:0;--nb-card-content-area-width:50%;--nb-card-media-container-height:50px;--nb-card-content-padding-multiplier:0;--nb-card-media-padding-top:100%;--nb-card-media-object-fit:cover;--nb-card-media-padding-multiplier:0;--nb-card-layout-gap-modifier:0;--nb-min-height-fallback:0;--nb-minimum-container-height:0vh;--nb-spacing-modifier:0.5;--nb-spacing-multiplier-override:2;--nb-emphasis-area:100px\" data-palette=\"2\" data-palette-variation=\"10\" data-color-signal=\"3\">\n<h3 class=\"wp-block-heading has-text-align-center has-normal-font-size\" id=\"h-private-events-enquires\">Teslimat Politikalar\u0131<\/h3>\n\n\n\n<p class=\"has-text-align-center has-normal-font-size\">Teslimat hizmetimiz, her biri kendi teslimat ko\u015fullar\u0131n\u0131, zamanlar\u0131n\u0131 ve hizmet alanlar\u0131n\u0131 y\u00f6neten \u00fc\u00e7\u00fcnc\u00fc taraf platformlar (Glovo, Just Eat ve Uber Eats) arac\u0131l\u0131\u011f\u0131yla i\u015fletilmektedir. Biz yemeklerimizin kaliteli bir \u015fekilde haz\u0131rlanmas\u0131n\u0131 sa\u011flarken, zamanlama, ta\u015f\u0131ma ve \u00fccretler gibi teslimatla ilgili konular do\u011frudan bu platformlar taraf\u0131ndan y\u00f6netilmektedir. Teslimata \u00f6zg\u00fc endi\u015feleriniz veya talepleriniz i\u00e7in l\u00fctfen sipari\u015finizi verdi\u011finiz ilgili teslimat hizmetiyle ileti\u015fime ge\u00e7in.<\/p>\n\n\n\n<p class=\"has-text-align-center has-normal-font-size\"><em>Micu Maku taraf\u0131ndan g\u0131da kalitesi ve haz\u0131rlanmas\u0131. Teslimat ortaklar\u0131na g\u00f6re teslimat hizmeti ve \u015fartlar\u0131<\/em><\/p>\n<\/div>","protected":false},"excerpt":{"rendered":"<p>Delivery Policies Our delivery service is operated through third-party platforms (Glovo, Just Eat, and Uber Eats), each managing their own delivery terms, times, and service [&hellip;]<\/p>\n","protected":false},"author":1,"featured_media":0,"parent":0,"menu_order":0,"comment_status":"closed","ping_status":"closed","template":"","meta":{"novablocks_hero_scroll_indicator":false,"novablocks_hero_position_indicators":false,"supernova_prevent_duplicate":false,"_project_color":"","_project_color_auto":"","footnotes":""},"class_list":["post-215","page","type-page","status-publish","hentry"],"yoast_head":"<!-- This site is optimized with the Yoast SEO plugin v27.2 - https:\/\/yoast.com\/product\/yoast-seo-wordpress\/ -->\n<title>Delivery - Micu Maku<\/title>\n<meta name=\"robots\" content=\"index, follow, max-snippet:-1, max-image-preview:large, max-video-preview:-1\" \/>\n<link rel=\"canonical\" href=\"https:\/\/micumaku.com\/tr\/teslimat-micu-maku\/\" \/>\n<meta property=\"og:locale\" content=\"tr_TR\" \/>\n<meta property=\"og:type\" content=\"article\" \/>\n<meta property=\"og:title\" content=\"Delivery - Micu Maku\" \/>\n<meta property=\"og:description\" content=\"Delivery Policies Our delivery service is operated through third-party platforms (Glovo, Just Eat, and Uber Eats), each managing their own delivery terms, times, and service [&hellip;]\" \/>\n<meta property=\"og:url\" content=\"https:\/\/micumaku.com\/tr\/teslimat-micu-maku\/\" \/>\n<meta property=\"og:site_name\" content=\"Micu Maku\" \/>\n<meta property=\"article:publisher\" content=\"https:\/\/facebook.com\/micumaku\" \/>\n<meta property=\"article:modified_time\" content=\"2025-02-26T14:57:40+00:00\" \/>\n<meta property=\"og:image\" content=\"https:\/\/micumaku.com\/wp-content\/uploads\/2025\/02\/glovo-logo.png\" \/>\n<meta name=\"twitter:card\" content=\"summary_large_image\" \/>\n<meta name=\"twitter:label1\" content=\"Tahmini okuma s\u00fcresi\" \/>\n\t<meta name=\"twitter:data1\" content=\"2 dakika\" \/>\n<script type=\"application\/ld+json\" class=\"yoast-schema-graph\">{\"@context\":\"https:\/\/schema.org\",\"@graph\":[{\"@type\":\"WebPage\",\"@id\":\"https:\/\/micumaku.com\/delivery-micu-maku\/\",\"url\":\"https:\/\/micumaku.com\/delivery-micu-maku\/\",\"name\":\"Delivery - Micu Maku\",\"isPartOf\":{\"@id\":\"https:\/\/micumaku.com\/#website\"},\"primaryImageOfPage\":{\"@id\":\"https:\/\/micumaku.com\/delivery-micu-maku\/#primaryimage\"},\"image\":{\"@id\":\"https:\/\/micumaku.com\/delivery-micu-maku\/#primaryimage\"},\"thumbnailUrl\":\"https:\/\/micumaku.com\/wp-content\/uploads\/2025\/02\/glovo-logo.png\",\"datePublished\":\"2025-02-03T12:19:20+00:00\",\"dateModified\":\"2025-02-26T14:57:40+00:00\",\"breadcrumb\":{\"@id\":\"https:\/\/micumaku.com\/delivery-micu-maku\/#breadcrumb\"},\"inLanguage\":\"tr\",\"potentialAction\":[{\"@type\":\"ReadAction\",\"target\":[\"https:\/\/micumaku.com\/delivery-micu-maku\/\"]}]},{\"@type\":\"ImageObject\",\"inLanguage\":\"tr\",\"@id\":\"https:\/\/micumaku.com\/delivery-micu-maku\/#primaryimage\",\"url\":\"https:\/\/micumaku.com\/wp-content\/uploads\/2025\/02\/glovo-logo.png\",\"contentUrl\":\"https:\/\/micumaku.com\/wp-content\/uploads\/2025\/02\/glovo-logo.png\"},{\"@type\":\"BreadcrumbList\",\"@id\":\"https:\/\/micumaku.com\/delivery-micu-maku\/#breadcrumb\",\"itemListElement\":[{\"@type\":\"ListItem\",\"position\":1,\"name\":\"Home\",\"item\":\"https:\/\/micumaku.com\/\"},{\"@type\":\"ListItem\",\"position\":2,\"name\":\"Delivery\"}]},{\"@type\":\"WebSite\",\"@id\":\"https:\/\/micumaku.com\/#website\",\"url\":\"https:\/\/micumaku.com\/\",\"name\":\"Micu Maku\",\"description\":\"Mediterranean cuisine and burgers\",\"publisher\":{\"@id\":\"https:\/\/micumaku.com\/#organization\"},\"potentialAction\":[{\"@type\":\"SearchAction\",\"target\":{\"@type\":\"EntryPoint\",\"urlTemplate\":\"https:\/\/micumaku.com\/?s={search_term_string}\"},\"query-input\":{\"@type\":\"PropertyValueSpecification\",\"valueRequired\":true,\"valueName\":\"search_term_string\"}}],\"inLanguage\":\"tr\"},{\"@type\":\"Organization\",\"@id\":\"https:\/\/micumaku.com\/#organization\",\"name\":\"Micu Maku\",\"url\":\"https:\/\/micumaku.com\/\",\"logo\":{\"@type\":\"ImageObject\",\"inLanguage\":\"tr\",\"@id\":\"https:\/\/micumaku.com\/#\/schema\/logo\/image\/\",\"url\":\"https:\/\/micumaku.com\/wp-content\/uploads\/2025\/01\/cropped-LOGO-PLANO-TRANSP.png\",\"contentUrl\":\"https:\/\/micumaku.com\/wp-content\/uploads\/2025\/01\/cropped-LOGO-PLANO-TRANSP.png\",\"width\":1835,\"height\":500,\"caption\":\"Micu Maku\"},\"image\":{\"@id\":\"https:\/\/micumaku.com\/#\/schema\/logo\/image\/\"},\"sameAs\":[\"https:\/\/facebook.com\/micumaku\",\"https:\/\/instagram.com\/micumaku\"]}]}<\/script>\n<!-- \/ Yoast SEO plugin. -->","yoast_head_json":{"title":"Teslimat - Micu Maku","robots":{"index":"index","follow":"follow","max-snippet":"max-snippet:-1","max-image-preview":"max-image-preview:large","max-video-preview":"max-video-preview:-1"},"canonical":"https:\/\/micumaku.com\/tr\/teslimat-micu-maku\/","og_locale":"tr_TR","og_type":"article","og_title":"Delivery - Micu Maku","og_description":"Delivery Policies Our delivery service is operated through third-party platforms (Glovo, Just Eat, and Uber Eats), each managing their own delivery terms, times, and service [&hellip;]","og_url":"https:\/\/micumaku.com\/tr\/teslimat-micu-maku\/","og_site_name":"Micu Maku","article_publisher":"https:\/\/facebook.com\/micumaku","article_modified_time":"2025-02-26T14:57:40+00:00","og_image":[{"url":"https:\/\/micumaku.com\/wp-content\/uploads\/2025\/02\/glovo-logo.png","type":"","width":"","height":""}],"twitter_card":"summary_large_image","twitter_misc":{"Tahmini okuma s\u00fcresi":"2 dakika"},"schema":{"@context":"https:\/\/schema.org","@graph":[{"@type":"WebPage","@id":"https:\/\/micumaku.com\/delivery-micu-maku\/","url":"https:\/\/micumaku.com\/delivery-micu-maku\/","name":"Teslimat - Micu Maku","isPartOf":{"@id":"https:\/\/micumaku.com\/#website"},"primaryImageOfPage":{"@id":"https:\/\/micumaku.com\/delivery-micu-maku\/#primaryimage"},"image":{"@id":"https:\/\/micumaku.com\/delivery-micu-maku\/#primaryimage"},"thumbnailUrl":"https:\/\/micumaku.com\/wp-content\/uploads\/2025\/02\/glovo-logo.png","datePublished":"2025-02-03T12:19:20+00:00","dateModified":"2025-02-26T14:57:40+00:00","breadcrumb":{"@id":"https:\/\/micumaku.com\/delivery-micu-maku\/#breadcrumb"},"inLanguage":"tr","potentialAction":[{"@type":"ReadAction","target":["https:\/\/micumaku.com\/delivery-micu-maku\/"]}]},{"@type":"ImageObject","inLanguage":"tr","@id":"https:\/\/micumaku.com\/delivery-micu-maku\/#primaryimage","url":"https:\/\/micumaku.com\/wp-content\/uploads\/2025\/02\/glovo-logo.png","contentUrl":"https:\/\/micumaku.com\/wp-content\/uploads\/2025\/02\/glovo-logo.png"},{"@type":"BreadcrumbList","@id":"https:\/\/micumaku.com\/delivery-micu-maku\/#breadcrumb","itemListElement":[{"@type":"ListItem","position":1,"name":"Home","item":"https:\/\/micumaku.com\/"},{"@type":"ListItem","position":2,"name":"Delivery"}]},{"@type":"WebSite","@id":"https:\/\/micumaku.com\/#website","url":"https:\/\/micumaku.com\/","name":"Micu Maku","description":"Akdeniz mutfa\u011f\u0131 ve burgerler","publisher":{"@id":"https:\/\/micumaku.com\/#organization"},"potentialAction":[{"@type":"SearchAction","target":{"@type":"EntryPoint","urlTemplate":"https:\/\/micumaku.com\/?s={search_term_string}"},"query-input":{"@type":"PropertyValueSpecification","valueRequired":true,"valueName":"search_term_string"}}],"inLanguage":"tr"},{"@type":"Organization","@id":"https:\/\/micumaku.com\/#organization","name":"Micu Maku","url":"https:\/\/micumaku.com\/","logo":{"@type":"ImageObject","inLanguage":"tr","@id":"https:\/\/micumaku.com\/#\/schema\/logo\/image\/","url":"https:\/\/micumaku.com\/wp-content\/uploads\/2025\/01\/cropped-LOGO-PLANO-TRANSP.png","contentUrl":"https:\/\/micumaku.com\/wp-content\/uploads\/2025\/01\/cropped-LOGO-PLANO-TRANSP.png","width":1835,"height":500,"caption":"Micu Maku"},"image":{"@id":"https:\/\/micumaku.com\/#\/schema\/logo\/image\/"},"sameAs":["https:\/\/facebook.com\/micumaku","https:\/\/instagram.com\/micumaku"]}]}},"_links":{"self":[{"href":"https:\/\/micumaku.com\/tr\/wp-json\/wp\/v2\/pages\/215","targetHints":{"allow":["GET"]}}],"collection":[{"href":"https:\/\/micumaku.com\/tr\/wp-json\/wp\/v2\/pages"}],"about":[{"href":"https:\/\/micumaku.com\/tr\/wp-json\/wp\/v2\/types\/page"}],"author":[{"embeddable":true,"href":"https:\/\/micumaku.com\/tr\/wp-json\/wp\/v2\/users\/1"}],"replies":[{"embeddable":true,"href":"https:\/\/micumaku.com\/tr\/wp-json\/wp\/v2\/comments?post=215"}],"version-history":[{"count":9,"href":"https:\/\/micumaku.com\/tr\/wp-json\/wp\/v2\/pages\/215\/revisions"}],"predecessor-version":[{"id":598,"href":"https:\/\/micumaku.com\/tr\/wp-json\/wp\/v2\/pages\/215\/revisions\/598"}],"wp:attachment":[{"href":"https:\/\/micumaku.com\/tr\/wp-json\/wp\/v2\/media?parent=215"}],"curies":[{"name":"wp","href":"https:\/\/api.w.org\/{rel}","templated":true}]}}